{"id":2,"date":"2014-01-27T11:07:31","date_gmt":"2014-01-27T09:07:31","guid":{"rendered":"http:\/\/www.hochzeitstaubenwesterwald.de\/?page_id=2"},"modified":"2014-03-25T12:49:22","modified_gmt":"2014-03-25T10:49:22","slug":"start","status":"publish","type":"page","link":"https:\/\/www.hochzeitstaubenwesterwald.de\/","title":{"rendered":"Start"},"content":{"rendered":"<h1 style=\"text-align: center;\">Ein Traum in wei\u00df\u2026<\/h1>\n<p style=\"text-align: center;\">&#8222;Hast Du eine Hoffnung, die in Erf\u00fcllung gehen soll,<br \/>\nso nimm eine wei\u00dfe Taube und fl\u00fcstere deinen Wunsch.<\/p>\n<p style=\"text-align: center;\">Wei\u00dfe Tauben verraten niemanden etwas, au\u00dfer dem Himmel.<br \/>\nLasst die Taube eure W\u00fcnsche in den Himmel tragen<br \/>\nin der Hoffnung, sie werden dort erh\u00f6rt.&#8220;<\/p>\n<div id=\"attachment_59\" style=\"width: 521px\" class=\"wp-caption aligncenter\"><a href=\"http:\/\/www.hochzeitstaubenwesterwald.de\/wp-content\/uploads\/2014\/01\/Ohne-Titel-190.jpeg\"><img loading=\"lazy\" decoding=\"async\" aria-describedby=\"caption-attachment-59\" class=\" wp-image-59  \" style=\"border: 1px solid black;\" alt=\"Hochzeit\" src=\"http:\/\/www.hochzeitstaubenwesterwald.de\/wp-content\/uploads\/2014\/01\/Ohne-Titel-190.jpeg\" width=\"511\" height=\"341\" srcset=\"https:\/\/www.hochzeitstaubenwesterwald.de\/wp-content\/uploads\/2014\/01\/Ohne-Titel-190.jpeg 640w, https:\/\/www.hochzeitstaubenwesterwald.de\/wp-content\/uploads\/2014\/01\/Ohne-Titel-190-300x200.jpeg 300w\" sizes=\"auto, (max-width: 511px) 100vw, 511px\" \/><\/a><p id=\"caption-attachment-59\" class=\"wp-caption-text\">Wei\u00dfe Tauben symbolisieren Liebe und Gl\u00fcck und Treue.<br \/>Das Auflassen unserer wei\u00dfen Hochzeitstauben ist f\u00fcr jedes Brautpaar ein einzigartiges und bezauberndes Gef\u00fchl.<\/p><\/div>\n","protected":false},"excerpt":{"rendered":"<p>Ein Traum in wei\u00df\u2026 &#8222;Hast Du eine Hoffnung, die in Erf\u00fcllung gehen soll, so nimm eine wei\u00dfe Taube und fl\u00fcstere deinen Wunsch. Wei\u00dfe Tauben verraten niemanden etwas, au\u00dfer dem Himmel. Lasst die Taube eure W\u00fcnsche in den Himmel tragen in der Hoffnung, sie werden dort erh\u00f6rt.&#8220;<\/p>\n","protected":false},"author":1,"featured_media":0,"parent":0,"menu_order":0,"comment_status":"closed","ping_status":"closed","template":"","meta":{"footnotes":""},"class_list":["post-2","page","type-page","status-publish","hentry"],"_links":{"self":[{"href":"https:\/\/www.hochzeitstaubenwesterwald.de\/index.php?rest_route=\/wp\/v2\/pages\/2","targetHints":{"allow":["GET"]}}],"collection":[{"href":"https:\/\/www.hochzeitstaubenwesterwald.de\/index.php?rest_route=\/wp\/v2\/pages"}],"about":[{"href":"https:\/\/www.hochzeitstaubenwesterwald.de\/index.php?rest_route=\/wp\/v2\/types\/page"}],"author":[{"embeddable":true,"href":"https:\/\/www.hochzeitstaubenwesterwald.de\/index.php?rest_route=\/wp\/v2\/users\/1"}],"replies":[{"embeddable":true,"href":"https:\/\/www.hochzeitstaubenwesterwald.de\/index.php?rest_route=%2Fwp%2Fv2%2Fcomments&post=2"}],"version-history":[{"count":22,"href":"https:\/\/www.hochzeitstaubenwesterwald.de\/index.php?rest_route=\/wp\/v2\/pages\/2\/revisions"}],"predecessor-version":[{"id":60,"href":"https:\/\/www.hochzeitstaubenwesterwald.de\/index.php?rest_route=\/wp\/v2\/pages\/2\/revisions\/60"}],"wp:attachment":[{"href":"https:\/\/www.hochzeitstaubenwesterwald.de\/index.php?rest_route=%2Fwp%2Fv2%2Fmedia&parent=2"}],"curies":[{"name":"wp","href":"https:\/\/api.w.org\/{rel}","templated":true}]}}